{"id":10,"date":"2025-12-04T17:15:35","date_gmt":"2025-12-04T17:15:35","guid":{"rendered":"https:\/\/mirperruqueria.rkinformatika.online\/?page_id=10"},"modified":"2025-12-16T17:21:22","modified_gmt":"2025-12-16T17:21:22","slug":"inici","status":"publish","type":"page","link":"https:\/\/mirperruqueria.com\/es\/","title":{"rendered":"Inicio"},"content":{"rendered":"<div data-elementor-type=\"wp-page\" data-elementor-id=\"10\" class=\"elementor elementor-10\" data-elementor-post-type=\"page\">\n\t\t\t\t<div class=\"elementor-element elementor-element-54b7afc e-flex e-con-boxed e-con e-parent\" data-id=\"54b7afc\" data-element_type=\"container\" data-e-type=\"container\" data-settings=\"{&quot;background_background&quot;:&quot;classic&quot;}\">\n\t\t\t\t\t<div class=\"e-con-inner\">\n\t\t\t\t<div class=\"elementor-element elementor-element-f9a682b elementor-invisible elementor-widget elementor-widget-heading\" data-id=\"f9a682b\" data-element_type=\"widget\" data-e-type=\"widget\" data-settings=\"{&quot;_animation&quot;:&quot;fadeInLeft&quot;}\" data-widget_type=\"heading.default\">\n\t\t\t\t\t<h2 class=\"elementor-heading-title elementor-size-default\">M\u00e1s que una barber\u00eda.<\/h2>\t\t\t\t<\/div>\n\t\t\t\t<div class=\"elementor-element elementor-element-3695f33 elementor-invisible elementor-widget elementor-widget-text-editor\" data-id=\"3695f33\" data-element_type=\"widget\" data-e-type=\"widget\" data-settings=\"{&quot;_animation&quot;:&quot;fadeInUp&quot;}\" data-widget_type=\"text-editor.default\">\n\t\t\t\t\t\t\t\t\t<p>18 a\u00f1os de experiencia<\/p>\t\t\t\t\t\t\t\t<\/div>\n\t\t\t\t\t<\/div>\n\t\t\t\t<\/div>\n\t\t<div class=\"elementor-element elementor-element-753caa6 e-flex e-con-boxed e-con e-parent\" data-id=\"753caa6\" data-element_type=\"container\" data-e-type=\"container\" data-settings=\"{&quot;background_background&quot;:&quot;classic&quot;}\">\n\t\t\t\t\t<div class=\"e-con-inner\">\n\t\t<div class=\"elementor-element elementor-element-7906ac3 e-con-full e-flex e-con e-child\" data-id=\"7906ac3\" data-element_type=\"container\" data-e-type=\"container\">\n\t\t\t\t<div class=\"elementor-element elementor-element-50f192b elementor-widget elementor-widget-heading\" data-id=\"50f192b\" data-element_type=\"widget\" data-e-type=\"widget\" data-widget_type=\"heading.default\">\n\t\t\t\t\t<h2 class=\"elementor-heading-title elementor-size-default\">Especialistas en imagen<\/h2>\t\t\t\t<\/div>\n\t\t\t\t<div class=\"elementor-element elementor-element-c15ebbd elementor-widget elementor-widget-text-editor\" data-id=\"c15ebbd\" data-element_type=\"widget\" data-e-type=\"widget\" data-widget_type=\"text-editor.default\">\n\t\t\t\t\t\t\t\t\t<p data-start=\"290\" data-end=\"501\">En Mir Perruqueria &amp; Barberia llevamos 18 a\u00f1os de experiencia ofreciendo un servicio \u00fanico y exclusivo para hombres. Cuidamos cada detalle para que cada cliente salga con un estilo que refleje su personalidad.<\/p><p data-start=\"503\" data-end=\"659\">Nos encontramos en Llagostera (Girona) y somos un espacio pensado para el hombre actual, donde la profesionalidad, proximidad y calidad son nuestra prioridad.<\/p>\t\t\t\t\t\t\t\t<\/div>\n\t\t\t\t<\/div>\n\t\t<div class=\"elementor-element elementor-element-a13ed66 e-con-full e-flex e-con e-child\" data-id=\"a13ed66\" data-element_type=\"container\" data-e-type=\"container\">\n\t\t\t\t<div class=\"elementor-element elementor-element-fbc68b3 elementor-widget elementor-widget-image\" data-id=\"fbc68b3\" data-element_type=\"widget\" data-e-type=\"widget\" data-widget_type=\"image.default\">\n\t\t\t\t\t\t\t\t\t\t\t\t\t\t\t<img fetchpriority=\"high\" decoding=\"async\" width=\"800\" height=\"532\" src=\"https:\/\/mirperruqueria.com\/wp-content\/uploads\/2025\/12\/2149167454-1024x681.jpg\" class=\"attachment-large size-large wp-image-133\" alt=\"\" srcset=\"https:\/\/mirperruqueria.com\/wp-content\/uploads\/2025\/12\/2149167454-1024x681.jpg 1024w, https:\/\/mirperruqueria.com\/wp-content\/uploads\/2025\/12\/2149167454-300x200.jpg 300w, https:\/\/mirperruqueria.com\/wp-content\/uploads\/2025\/12\/2149167454-768x511.jpg 768w, https:\/\/mirperruqueria.com\/wp-content\/uploads\/2025\/12\/2149167454-18x12.jpg 18w, https:\/\/mirperruqueria.com\/wp-content\/uploads\/2025\/12\/2149167454.jpg 1500w\" sizes=\"(max-width: 800px) 100vw, 800px\" \/>\t\t\t\t\t\t\t\t\t\t\t\t\t\t\t<\/div>\n\t\t\t\t<\/div>\n\t\t\t\t\t<\/div>\n\t\t\t\t<\/div>\n\t\t<div class=\"elementor-element elementor-element-ffb6298 e-con-full e-flex e-con e-parent\" data-id=\"ffb6298\" data-element_type=\"container\" data-e-type=\"container\" data-settings=\"{&quot;background_background&quot;:&quot;classic&quot;}\">\n\t\t\t\t<div class=\"elementor-element elementor-element-d453060 elementor-cta--skin-cover elementor-widget__width-inherit elementor-animated-content elementor-bg-transform elementor-bg-transform-zoom-in elementor-widget elementor-widget-call-to-action\" data-id=\"d453060\" data-element_type=\"widget\" data-e-type=\"widget\" data-widget_type=\"call-to-action.default\">\n\t\t\t\t\t\t\t<div class=\"elementor-cta\">\n\t\t\t\t\t<div class=\"elementor-cta__bg-wrapper\">\n\t\t\t\t<div class=\"elementor-cta__bg elementor-bg\" style=\"background-image: url(https:\/\/mirperruqueria.com\/wp-content\/uploads\/2025\/12\/7691-1024x574.jpg);\" role=\"img\" aria-label=\"7691\"><\/div>\n\t\t\t\t<div class=\"elementor-cta__bg-overlay\"><\/div>\n\t\t\t<\/div>\n\t\t\t\t\t\t\t<div class=\"elementor-cta__content\">\n\t\t\t\t\n\t\t\t\t\t\t\t\t\t<h2 class=\"elementor-cta__title elementor-cta__content-item elementor-content-item elementor-animated-item--grow\">\n\t\t\t\t\t\tEstilo masculino con identidad propia.\t\t\t\t\t<\/h2>\n\t\t\t\t\n\t\t\t\t\t\t\t\t\t<div class=\"elementor-cta__description elementor-cta__content-item elementor-content-item elementor-animated-item--grow\">\n\t\t\t\t\t\tTu momento, su estilo, nuestro compromiso.\t\t\t\t\t<\/div>\n\t\t\t\t\n\t\t\t\t\t\t\t\t\t<div class=\"elementor-cta__button-wrapper elementor-cta__content-item elementor-content-item elementor-animated-item--grow\">\n\t\t\t\t\t<a class=\"elementor-cta__button elementor-button elementor-size-\" href=\"https:\/\/mirperruqueria.com\/es\/serveis\/\">\n\t\t\t\t\t\tSERVICIOS\t\t\t\t\t<\/a>\n\t\t\t\t\t<\/div>\n\t\t\t\t\t\t\t<\/div>\n\t\t\t\t\t\t<\/div>\n\t\t\t\t\t\t<\/div>\n\t\t\t\t<\/div>\n\t\t\t\t<\/div>","protected":false},"excerpt":{"rendered":"<p>M\u00e9s que una barberia. 18 anys d\u2019experi\u00e8ncia Especialistes en imatge A Mir Perruqueria &amp; Barberia portem 18 anys d\u2019experi\u00e8ncia oferint un servei \u00fanic i exclusiu per a homes. Cuidem cada detall perqu\u00e8 cada client surti amb un estil que reflecteixi la seva personalitat. Ens trobem a Llagostera (Girona) i som un espai pensat per a [&hellip;]<\/p>\n","protected":false},"author":1,"featured_media":0,"parent":0,"menu_order":0,"comment_status":"closed","ping_status":"closed","template":"elementor_canvas","meta":{"footnotes":""},"class_list":["post-10","page","type-page","status-publish","hentry"],"yoast_head":"<!-- This site is optimized with the Yoast SEO plugin v27.3 - https:\/\/yoast.com\/product\/yoast-seo-wordpress\/ -->\n<title>Inici - Mir Perruquer\u00eda<\/title>\n<meta name=\"robots\" content=\"index, follow, max-snippet:-1, max-image-preview:large, max-video-preview:-1\" \/>\n<link rel=\"canonical\" href=\"https:\/\/mirperruqueria.com\/es\/\" \/>\n<meta property=\"og:locale\" content=\"es_ES\" \/>\n<meta property=\"og:type\" content=\"article\" \/>\n<meta property=\"og:title\" content=\"Inici - Mir Perruquer\u00eda\" \/>\n<meta property=\"og:description\" content=\"M\u00e9s que una barberia. 18 anys d\u2019experi\u00e8ncia Especialistes en imatge A Mir Perruqueria &amp; Barberia portem 18 anys d\u2019experi\u00e8ncia oferint un servei \u00fanic i exclusiu per a homes. Cuidem cada detall perqu\u00e8 cada client surti amb un estil que reflecteixi la seva personalitat. Ens trobem a Llagostera (Girona) i som un espai pensat per a [&hellip;]\" \/>\n<meta property=\"og:url\" content=\"https:\/\/mirperruqueria.com\/es\/\" \/>\n<meta property=\"og:site_name\" content=\"Mir Perruquer\u00eda\" \/>\n<meta property=\"article:modified_time\" content=\"2025-12-16T17:21:22+00:00\" \/>\n<meta property=\"og:image\" content=\"https:\/\/mirperruqueria.com\/wp-content\/uploads\/2025\/12\/2149167454-1024x681.jpg\" \/>\n<meta name=\"twitter:card\" content=\"summary_large_image\" \/>\n<meta name=\"twitter:label1\" content=\"Tiempo de lectura\" \/>\n\t<meta name=\"twitter:data1\" content=\"1 minuto\" \/>\n<script type=\"application\/ld+json\" class=\"yoast-schema-graph\">{\"@context\":\"https:\\\/\\\/schema.org\",\"@graph\":[{\"@type\":\"WebPage\",\"@id\":\"https:\\\/\\\/mirperruqueria.com\\\/\",\"url\":\"https:\\\/\\\/mirperruqueria.com\\\/\",\"name\":\"Inici - Mir Perruquer\u00eda\",\"isPartOf\":{\"@id\":\"https:\\\/\\\/mirperruqueria.com\\\/#website\"},\"primaryImageOfPage\":{\"@id\":\"https:\\\/\\\/mirperruqueria.com\\\/#primaryimage\"},\"image\":{\"@id\":\"https:\\\/\\\/mirperruqueria.com\\\/#primaryimage\"},\"thumbnailUrl\":\"https:\\\/\\\/mirperruqueria.com\\\/wp-content\\\/uploads\\\/2025\\\/12\\\/2149167454-1024x681.jpg\",\"datePublished\":\"2025-12-04T17:15:35+00:00\",\"dateModified\":\"2025-12-16T17:21:22+00:00\",\"breadcrumb\":{\"@id\":\"https:\\\/\\\/mirperruqueria.com\\\/#breadcrumb\"},\"inLanguage\":\"es\",\"potentialAction\":[{\"@type\":\"ReadAction\",\"target\":[\"https:\\\/\\\/mirperruqueria.com\\\/\"]}]},{\"@type\":\"ImageObject\",\"inLanguage\":\"es\",\"@id\":\"https:\\\/\\\/mirperruqueria.com\\\/#primaryimage\",\"url\":\"https:\\\/\\\/mirperruqueria.com\\\/wp-content\\\/uploads\\\/2025\\\/12\\\/2149167454-1024x681.jpg\",\"contentUrl\":\"https:\\\/\\\/mirperruqueria.com\\\/wp-content\\\/uploads\\\/2025\\\/12\\\/2149167454-1024x681.jpg\"},{\"@type\":\"BreadcrumbList\",\"@id\":\"https:\\\/\\\/mirperruqueria.com\\\/#breadcrumb\",\"itemListElement\":[{\"@type\":\"ListItem\",\"position\":1,\"name\":\"Portada\",\"item\":\"https:\\\/\\\/mirperruqueria.com\\\/\"},{\"@type\":\"ListItem\",\"position\":2,\"name\":\"Inici\"}]},{\"@type\":\"WebSite\",\"@id\":\"https:\\\/\\\/mirperruqueria.com\\\/#website\",\"url\":\"https:\\\/\\\/mirperruqueria.com\\\/\",\"name\":\"Mir Perruquer\u00eda\",\"description\":\"Barber\u00eda\",\"publisher\":{\"@id\":\"https:\\\/\\\/mirperruqueria.com\\\/#organization\"},\"potentialAction\":[{\"@type\":\"SearchAction\",\"target\":{\"@type\":\"EntryPoint\",\"urlTemplate\":\"https:\\\/\\\/mirperruqueria.com\\\/?s={search_term_string}\"},\"query-input\":{\"@type\":\"PropertyValueSpecification\",\"valueRequired\":true,\"valueName\":\"search_term_string\"}}],\"inLanguage\":\"es\"},{\"@type\":\"Organization\",\"@id\":\"https:\\\/\\\/mirperruqueria.com\\\/#organization\",\"name\":\"Mir Perruquer\u00eda\",\"url\":\"https:\\\/\\\/mirperruqueria.com\\\/\",\"logo\":{\"@type\":\"ImageObject\",\"inLanguage\":\"es\",\"@id\":\"https:\\\/\\\/mirperruqueria.com\\\/#\\\/schema\\\/logo\\\/image\\\/\",\"url\":\"https:\\\/\\\/mirperruqueria.com\\\/wp-content\\\/uploads\\\/2025\\\/12\\\/cropped-irinamasferrer202509_logoarriba.jpg\",\"contentUrl\":\"https:\\\/\\\/mirperruqueria.com\\\/wp-content\\\/uploads\\\/2025\\\/12\\\/cropped-irinamasferrer202509_logoarriba.jpg\",\"width\":346,\"height\":176,\"caption\":\"Mir Perruquer\u00eda\"},\"image\":{\"@id\":\"https:\\\/\\\/mirperruqueria.com\\\/#\\\/schema\\\/logo\\\/image\\\/\"}}]}<\/script>\n<!-- \/ Yoast SEO plugin. -->","yoast_head_json":{"title":"Inici - Mir Perruquer\u00eda","robots":{"index":"index","follow":"follow","max-snippet":"max-snippet:-1","max-image-preview":"max-image-preview:large","max-video-preview":"max-video-preview:-1"},"canonical":"https:\/\/mirperruqueria.com\/es\/","og_locale":"es_ES","og_type":"article","og_title":"Inici - Mir Perruquer\u00eda","og_description":"M\u00e9s que una barberia. 18 anys d\u2019experi\u00e8ncia Especialistes en imatge A Mir Perruqueria &amp; Barberia portem 18 anys d\u2019experi\u00e8ncia oferint un servei \u00fanic i exclusiu per a homes. Cuidem cada detall perqu\u00e8 cada client surti amb un estil que reflecteixi la seva personalitat. Ens trobem a Llagostera (Girona) i som un espai pensat per a [&hellip;]","og_url":"https:\/\/mirperruqueria.com\/es\/","og_site_name":"Mir Perruquer\u00eda","article_modified_time":"2025-12-16T17:21:22+00:00","og_image":[{"url":"https:\/\/mirperruqueria.com\/wp-content\/uploads\/2025\/12\/2149167454-1024x681.jpg","type":"","width":"","height":""}],"twitter_card":"summary_large_image","twitter_misc":{"Tiempo de lectura":"1 minuto"},"schema":{"@context":"https:\/\/schema.org","@graph":[{"@type":"WebPage","@id":"https:\/\/mirperruqueria.com\/","url":"https:\/\/mirperruqueria.com\/","name":"Inici - Mir Perruquer\u00eda","isPartOf":{"@id":"https:\/\/mirperruqueria.com\/#website"},"primaryImageOfPage":{"@id":"https:\/\/mirperruqueria.com\/#primaryimage"},"image":{"@id":"https:\/\/mirperruqueria.com\/#primaryimage"},"thumbnailUrl":"https:\/\/mirperruqueria.com\/wp-content\/uploads\/2025\/12\/2149167454-1024x681.jpg","datePublished":"2025-12-04T17:15:35+00:00","dateModified":"2025-12-16T17:21:22+00:00","breadcrumb":{"@id":"https:\/\/mirperruqueria.com\/#breadcrumb"},"inLanguage":"es","potentialAction":[{"@type":"ReadAction","target":["https:\/\/mirperruqueria.com\/"]}]},{"@type":"ImageObject","inLanguage":"es","@id":"https:\/\/mirperruqueria.com\/#primaryimage","url":"https:\/\/mirperruqueria.com\/wp-content\/uploads\/2025\/12\/2149167454-1024x681.jpg","contentUrl":"https:\/\/mirperruqueria.com\/wp-content\/uploads\/2025\/12\/2149167454-1024x681.jpg"},{"@type":"BreadcrumbList","@id":"https:\/\/mirperruqueria.com\/#breadcrumb","itemListElement":[{"@type":"ListItem","position":1,"name":"Portada","item":"https:\/\/mirperruqueria.com\/"},{"@type":"ListItem","position":2,"name":"Inici"}]},{"@type":"WebSite","@id":"https:\/\/mirperruqueria.com\/#website","url":"https:\/\/mirperruqueria.com\/","name":"Mir Perruquer\u00eda","description":"Barber\u00eda","publisher":{"@id":"https:\/\/mirperruqueria.com\/#organization"},"potentialAction":[{"@type":"SearchAction","target":{"@type":"EntryPoint","urlTemplate":"https:\/\/mirperruqueria.com\/?s={search_term_string}"},"query-input":{"@type":"PropertyValueSpecification","valueRequired":true,"valueName":"search_term_string"}}],"inLanguage":"es"},{"@type":"Organization","@id":"https:\/\/mirperruqueria.com\/#organization","name":"Mir Perruquer\u00eda","url":"https:\/\/mirperruqueria.com\/","logo":{"@type":"ImageObject","inLanguage":"es","@id":"https:\/\/mirperruqueria.com\/#\/schema\/logo\/image\/","url":"https:\/\/mirperruqueria.com\/wp-content\/uploads\/2025\/12\/cropped-irinamasferrer202509_logoarriba.jpg","contentUrl":"https:\/\/mirperruqueria.com\/wp-content\/uploads\/2025\/12\/cropped-irinamasferrer202509_logoarriba.jpg","width":346,"height":176,"caption":"Mir Perruquer\u00eda"},"image":{"@id":"https:\/\/mirperruqueria.com\/#\/schema\/logo\/image\/"}}]}},"_links":{"self":[{"href":"https:\/\/mirperruqueria.com\/es\/wp-json\/wp\/v2\/pages\/10","targetHints":{"allow":["GET"]}}],"collection":[{"href":"https:\/\/mirperruqueria.com\/es\/wp-json\/wp\/v2\/pages"}],"about":[{"href":"https:\/\/mirperruqueria.com\/es\/wp-json\/wp\/v2\/types\/page"}],"author":[{"embeddable":true,"href":"https:\/\/mirperruqueria.com\/es\/wp-json\/wp\/v2\/users\/1"}],"replies":[{"embeddable":true,"href":"https:\/\/mirperruqueria.com\/es\/wp-json\/wp\/v2\/comments?post=10"}],"version-history":[{"count":35,"href":"https:\/\/mirperruqueria.com\/es\/wp-json\/wp\/v2\/pages\/10\/revisions"}],"predecessor-version":[{"id":218,"href":"https:\/\/mirperruqueria.com\/es\/wp-json\/wp\/v2\/pages\/10\/revisions\/218"}],"wp:attachment":[{"href":"https:\/\/mirperruqueria.com\/es\/wp-json\/wp\/v2\/media?parent=10"}],"curies":[{"name":"wp","href":"https:\/\/api.w.org\/{rel}","templated":true}]}}