{"id":13,"date":"2025-12-04T17:16:41","date_gmt":"2025-12-04T17:16:41","guid":{"rendered":"https:\/\/mirperruqueria.rkinformatika.online\/?page_id=13"},"modified":"2025-12-16T10:29:42","modified_gmt":"2025-12-16T10:29:42","slug":"serveis","status":"publish","type":"page","link":"https:\/\/mirperruqueria.com\/es\/serveis\/","title":{"rendered":"Servicios"},"content":{"rendered":"<div data-elementor-type=\"wp-page\" data-elementor-id=\"13\" class=\"elementor elementor-13\" data-elementor-post-type=\"page\">\n\t\t\t\t<div class=\"elementor-element elementor-element-fec32d0 e-flex e-con-boxed e-con e-parent\" data-id=\"fec32d0\" data-element_type=\"container\" data-e-type=\"container\" data-settings=\"{&quot;background_background&quot;:&quot;classic&quot;}\">\n\t\t\t\t\t<div class=\"e-con-inner\">\n\t\t\t\t<div class=\"elementor-element elementor-element-8d7b4b9 elementor-invisible elementor-widget elementor-widget-heading\" data-id=\"8d7b4b9\" data-element_type=\"widget\" data-e-type=\"widget\" data-settings=\"{&quot;_animation&quot;:&quot;fadeInLeft&quot;}\" data-widget_type=\"heading.default\">\n\t\t\t\t\t<h2 class=\"elementor-heading-title elementor-size-default\">On l\u2019estil parla per tu.<\/h2>\t\t\t\t<\/div>\n\t\t\t\t<div class=\"elementor-element elementor-element-ec22953 elementor-invisible elementor-widget elementor-widget-text-editor\" data-id=\"ec22953\" data-element_type=\"widget\" data-e-type=\"widget\" data-settings=\"{&quot;_animation&quot;:&quot;fadeInUp&quot;}\" data-widget_type=\"text-editor.default\">\n\t\t\t\t\t\t\t\t\t<p>Experi\u00e8ncia, qualitat i exclusivitat<\/p>\t\t\t\t\t\t\t\t<\/div>\n\t\t\t\t\t<\/div>\n\t\t\t\t<\/div>\n\t\t<div class=\"elementor-element elementor-element-a273bf1 e-flex e-con-boxed e-con e-parent\" data-id=\"a273bf1\" data-element_type=\"container\" data-e-type=\"container\">\n\t\t\t\t\t<div class=\"e-con-inner\">\n\t\t<div class=\"elementor-element elementor-element-bfb4d84 e-con-full e-flex e-con e-child\" data-id=\"bfb4d84\" data-element_type=\"container\" data-e-type=\"container\">\n\t\t\t\t<div class=\"elementor-element elementor-element-7b0130c elementor-widget elementor-widget-image\" data-id=\"7b0130c\" data-element_type=\"widget\" data-e-type=\"widget\" data-widget_type=\"image.default\">\n\t\t\t\t\t\t\t\t\t\t\t\t\t\t\t<img fetchpriority=\"high\" decoding=\"async\" width=\"800\" height=\"534\" src=\"https:\/\/mirperruqueria.com\/wp-content\/uploads\/2025\/12\/5167618-1024x683.jpg\" class=\"attachment-large size-large wp-image-164\" alt=\"\" srcset=\"https:\/\/mirperruqueria.com\/wp-content\/uploads\/2025\/12\/5167618-1024x683.jpg 1024w, https:\/\/mirperruqueria.com\/wp-content\/uploads\/2025\/12\/5167618-300x200.jpg 300w, https:\/\/mirperruqueria.com\/wp-content\/uploads\/2025\/12\/5167618-768x512.jpg 768w, https:\/\/mirperruqueria.com\/wp-content\/uploads\/2025\/12\/5167618-18x12.jpg 18w, https:\/\/mirperruqueria.com\/wp-content\/uploads\/2025\/12\/5167618.jpg 1500w\" sizes=\"(max-width: 800px) 100vw, 800px\" \/>\t\t\t\t\t\t\t\t\t\t\t\t\t\t\t<\/div>\n\t\t\t\t<div class=\"elementor-element elementor-element-3ab5e7f elementor-widget elementor-widget-heading\" data-id=\"3ab5e7f\" data-element_type=\"widget\" data-e-type=\"widget\" data-widget_type=\"heading.default\">\n\t\t\t\t\t<h2 class=\"elementor-heading-title elementor-size-default\">Tall de cabell cl\u00e0ssic i modern<\/h2>\t\t\t\t<\/div>\n\t\t\t\t<div class=\"elementor-element elementor-element-51ad062 elementor-widget elementor-widget-text-editor\" data-id=\"51ad062\" data-element_type=\"widget\" data-e-type=\"widget\" data-widget_type=\"text-editor.default\">\n\t\t\t\t\t\t\t\t\t<p data-start=\"403\" data-end=\"549\">Talls personalitzats segons la forma del rostre i el teu estil. Des de cl\u00e0ssics atemporals fins a tend\u00e8ncies actuals, sempre amb acabats precisos.<\/p>\t\t\t\t\t\t\t\t<\/div>\n\t\t\t\t<\/div>\n\t\t<div class=\"elementor-element elementor-element-d0ee397 e-con-full e-flex e-con e-child\" data-id=\"d0ee397\" data-element_type=\"container\" data-e-type=\"container\">\n\t\t\t\t<div class=\"elementor-element elementor-element-c701148 elementor-widget elementor-widget-image\" data-id=\"c701148\" data-element_type=\"widget\" data-e-type=\"widget\" data-widget_type=\"image.default\">\n\t\t\t\t\t\t\t\t\t\t\t\t\t\t\t<img decoding=\"async\" width=\"800\" height=\"534\" src=\"https:\/\/mirperruqueria.com\/wp-content\/uploads\/2025\/12\/139-1024x683.jpg\" class=\"attachment-large size-large wp-image-166\" alt=\"\" srcset=\"https:\/\/mirperruqueria.com\/wp-content\/uploads\/2025\/12\/139-1024x683.jpg 1024w, https:\/\/mirperruqueria.com\/wp-content\/uploads\/2025\/12\/139-300x200.jpg 300w, https:\/\/mirperruqueria.com\/wp-content\/uploads\/2025\/12\/139-768x512.jpg 768w, https:\/\/mirperruqueria.com\/wp-content\/uploads\/2025\/12\/139-18x12.jpg 18w, https:\/\/mirperruqueria.com\/wp-content\/uploads\/2025\/12\/139.jpg 1500w\" sizes=\"(max-width: 800px) 100vw, 800px\" \/>\t\t\t\t\t\t\t\t\t\t\t\t\t\t\t<\/div>\n\t\t\t\t<div class=\"elementor-element elementor-element-d8700d9 elementor-widget elementor-widget-heading\" data-id=\"d8700d9\" data-element_type=\"widget\" data-e-type=\"widget\" data-widget_type=\"heading.default\">\n\t\t\t\t\t<h2 class=\"elementor-heading-title elementor-size-default\">Decoloracions i tints<\/h2>\t\t\t\t<\/div>\n\t\t\t\t<div class=\"elementor-element elementor-element-5bc0f08 elementor-widget elementor-widget-text-editor\" data-id=\"5bc0f08\" data-element_type=\"widget\" data-e-type=\"widget\" data-widget_type=\"text-editor.default\">\n\t\t\t\t\t\t\t\t\t<p data-start=\"582\" data-end=\"726\">Serveis de coloraci\u00f3 masculina amb productes professionals. Aconseguim resultats naturals o m\u00e9s atrevits, sempre respectant la salut del cabell.<\/p><h3 data-start=\"728\" data-end=\"768\">\u00a0<\/h3>\t\t\t\t\t\t\t\t<\/div>\n\t\t\t\t<\/div>\n\t\t<div class=\"elementor-element elementor-element-187fbdb e-con-full e-flex e-con e-child\" data-id=\"187fbdb\" data-element_type=\"container\" data-e-type=\"container\">\n\t\t\t\t<div class=\"elementor-element elementor-element-76c046c elementor-widget elementor-widget-image\" data-id=\"76c046c\" data-element_type=\"widget\" data-e-type=\"widget\" data-widget_type=\"image.default\">\n\t\t\t\t\t\t\t\t\t\t\t\t\t\t\t<img decoding=\"async\" width=\"800\" height=\"534\" src=\"https:\/\/mirperruqueria.com\/wp-content\/uploads\/2025\/12\/2147839832-1024x683.jpg\" class=\"attachment-large size-large wp-image-167\" alt=\"\" srcset=\"https:\/\/mirperruqueria.com\/wp-content\/uploads\/2025\/12\/2147839832-1024x683.jpg 1024w, https:\/\/mirperruqueria.com\/wp-content\/uploads\/2025\/12\/2147839832-300x200.jpg 300w, https:\/\/mirperruqueria.com\/wp-content\/uploads\/2025\/12\/2147839832-768x513.jpg 768w, https:\/\/mirperruqueria.com\/wp-content\/uploads\/2025\/12\/2147839832-18x12.jpg 18w, https:\/\/mirperruqueria.com\/wp-content\/uploads\/2025\/12\/2147839832.jpg 1500w\" sizes=\"(max-width: 800px) 100vw, 800px\" \/>\t\t\t\t\t\t\t\t\t\t\t\t\t\t\t<\/div>\n\t\t\t\t<div class=\"elementor-element elementor-element-fbe35d2 elementor-widget elementor-widget-heading\" data-id=\"fbe35d2\" data-element_type=\"widget\" data-e-type=\"widget\" data-widget_type=\"heading.default\">\n\t\t\t\t\t<h2 class=\"elementor-heading-title elementor-size-default\">Arranjament i perfilat de barba<\/h2>\t\t\t\t<\/div>\n\t\t\t\t<div class=\"elementor-element elementor-element-2123635 elementor-widget elementor-widget-text-editor\" data-id=\"2123635\" data-element_type=\"widget\" data-e-type=\"widget\" data-widget_type=\"text-editor.default\">\n\t\t\t\t\t\t\t\t\t<p data-start=\"769\" data-end=\"894\">Disseny, retoc i perfilat de barba adaptat a la teva fisonomia. Cuidem la barba perqu\u00e8 llueixi neta, definida i amb car\u00e0cter.<\/p>\t\t\t\t\t\t\t\t<\/div>\n\t\t\t\t<\/div>\n\t\t\t\t\t<\/div>\n\t\t\t\t<\/div>\n\t\t<div class=\"elementor-element elementor-element-6f00edd e-flex e-con-boxed e-con e-parent\" data-id=\"6f00edd\" data-element_type=\"container\" data-e-type=\"container\">\n\t\t\t\t\t<div class=\"e-con-inner\">\n\t\t<div class=\"elementor-element elementor-element-15584da e-con-full e-flex e-con e-child\" data-id=\"15584da\" data-element_type=\"container\" data-e-type=\"container\">\n\t\t\t\t<div class=\"elementor-element elementor-element-d49cf95 elementor-widget elementor-widget-image\" data-id=\"d49cf95\" data-element_type=\"widget\" data-e-type=\"widget\" data-widget_type=\"image.default\">\n\t\t\t\t\t\t\t\t\t\t\t\t\t\t\t<img loading=\"lazy\" decoding=\"async\" width=\"800\" height=\"532\" src=\"https:\/\/mirperruqueria.com\/wp-content\/uploads\/2025\/12\/2148985737-1024x681.jpg\" class=\"attachment-large size-large wp-image-171\" alt=\"\" srcset=\"https:\/\/mirperruqueria.com\/wp-content\/uploads\/2025\/12\/2148985737-1024x681.jpg 1024w, https:\/\/mirperruqueria.com\/wp-content\/uploads\/2025\/12\/2148985737-300x200.jpg 300w, https:\/\/mirperruqueria.com\/wp-content\/uploads\/2025\/12\/2148985737-768x511.jpg 768w, https:\/\/mirperruqueria.com\/wp-content\/uploads\/2025\/12\/2148985737-18x12.jpg 18w, https:\/\/mirperruqueria.com\/wp-content\/uploads\/2025\/12\/2148985737.jpg 1500w\" sizes=\"(max-width: 800px) 100vw, 800px\" \/>\t\t\t\t\t\t\t\t\t\t\t\t\t\t\t<\/div>\n\t\t\t\t<div class=\"elementor-element elementor-element-b05bb6e elementor-widget elementor-widget-heading\" data-id=\"b05bb6e\" data-element_type=\"widget\" data-e-type=\"widget\" data-widget_type=\"heading.default\">\n\t\t\t\t\t<h2 class=\"elementor-heading-title elementor-size-default\">Afaitat tradicional<\/h2>\t\t\t\t<\/div>\n\t\t\t\t<div class=\"elementor-element elementor-element-b57371a elementor-widget elementor-widget-text-editor\" data-id=\"b57371a\" data-element_type=\"widget\" data-e-type=\"widget\" data-widget_type=\"text-editor.default\">\n\t\t\t\t\t\t\t\t\t<p data-start=\"925\" data-end=\"1050\">Afaitat cl\u00e0ssic amb navalla, tovalloles calentes i productes espec\u00edfics per a una experi\u00e8ncia relaxant i un acabat impecable.<\/p>\t\t\t\t\t\t\t\t<\/div>\n\t\t\t\t<\/div>\n\t\t<div class=\"elementor-element elementor-element-82ca3b0 e-con-full e-flex e-con e-child\" data-id=\"82ca3b0\" data-element_type=\"container\" data-e-type=\"container\">\n\t\t\t\t<div class=\"elementor-element elementor-element-6b8b30b elementor-widget elementor-widget-image\" data-id=\"6b8b30b\" data-element_type=\"widget\" data-e-type=\"widget\" data-widget_type=\"image.default\">\n\t\t\t\t\t\t\t\t\t\t\t\t\t\t\t<img loading=\"lazy\" decoding=\"async\" width=\"800\" height=\"534\" src=\"https:\/\/mirperruqueria.com\/wp-content\/uploads\/2025\/12\/6084-1024x683.jpg\" class=\"attachment-large size-large wp-image-173\" alt=\"\" srcset=\"https:\/\/mirperruqueria.com\/wp-content\/uploads\/2025\/12\/6084-1024x683.jpg 1024w, https:\/\/mirperruqueria.com\/wp-content\/uploads\/2025\/12\/6084-300x200.jpg 300w, https:\/\/mirperruqueria.com\/wp-content\/uploads\/2025\/12\/6084-768x512.jpg 768w, https:\/\/mirperruqueria.com\/wp-content\/uploads\/2025\/12\/6084-18x12.jpg 18w, https:\/\/mirperruqueria.com\/wp-content\/uploads\/2025\/12\/6084.jpg 1500w\" sizes=\"(max-width: 800px) 100vw, 800px\" \/>\t\t\t\t\t\t\t\t\t\t\t\t\t\t\t<\/div>\n\t\t\t\t<div class=\"elementor-element elementor-element-5488857 elementor-widget elementor-widget-heading\" data-id=\"5488857\" data-element_type=\"widget\" data-e-type=\"widget\" data-widget_type=\"heading.default\">\n\t\t\t\t\t<h2 class=\"elementor-heading-title elementor-size-default\">Depilaci\u00f3 facial<\/h2>\t\t\t\t<\/div>\n\t\t\t\t<div class=\"elementor-element elementor-element-6c6374a elementor-widget elementor-widget-text-editor\" data-id=\"6c6374a\" data-element_type=\"widget\" data-e-type=\"widget\" data-widget_type=\"text-editor.default\">\n\t\t\t\t\t\t\t\t\t<p data-start=\"1077\" data-end=\"1176\">Eliminaci\u00f3 de p\u00e8l facial no desitjat per aconseguir un rostre m\u00e9s net i cuidat, respectant la pell.<\/p>\t\t\t\t\t\t\t\t<\/div>\n\t\t\t\t<\/div>\n\t\t<div class=\"elementor-element elementor-element-9f074b4 e-con-full e-flex e-con e-child\" data-id=\"9f074b4\" data-element_type=\"container\" data-e-type=\"container\">\n\t\t\t\t<div class=\"elementor-element elementor-element-e075082 elementor-widget elementor-widget-image\" data-id=\"e075082\" data-element_type=\"widget\" data-e-type=\"widget\" data-widget_type=\"image.default\">\n\t\t\t\t\t\t\t\t\t\t\t\t\t\t\t<img loading=\"lazy\" decoding=\"async\" width=\"800\" height=\"534\" src=\"https:\/\/mirperruqueria.com\/wp-content\/uploads\/2025\/12\/2147839816-1024x683.jpg\" class=\"attachment-large size-large wp-image-174\" alt=\"\" srcset=\"https:\/\/mirperruqueria.com\/wp-content\/uploads\/2025\/12\/2147839816-1024x683.jpg 1024w, https:\/\/mirperruqueria.com\/wp-content\/uploads\/2025\/12\/2147839816-300x200.jpg 300w, https:\/\/mirperruqueria.com\/wp-content\/uploads\/2025\/12\/2147839816-768x513.jpg 768w, https:\/\/mirperruqueria.com\/wp-content\/uploads\/2025\/12\/2147839816-18x12.jpg 18w, https:\/\/mirperruqueria.com\/wp-content\/uploads\/2025\/12\/2147839816.jpg 1500w\" sizes=\"(max-width: 800px) 100vw, 800px\" \/>\t\t\t\t\t\t\t\t\t\t\t\t\t\t\t<\/div>\n\t\t\t\t<div class=\"elementor-element elementor-element-c13e0f7 elementor-widget elementor-widget-heading\" data-id=\"c13e0f7\" data-element_type=\"widget\" data-e-type=\"widget\" data-widget_type=\"heading.default\">\n\t\t\t\t\t<h2 class=\"elementor-heading-title elementor-size-default\">Assessorament personalitzat d\u2019estil<\/h2>\t\t\t\t<\/div>\n\t\t\t\t<div class=\"elementor-element elementor-element-39b2183 elementor-widget elementor-widget-text-editor\" data-id=\"39b2183\" data-element_type=\"widget\" data-e-type=\"widget\" data-widget_type=\"text-editor.default\">\n\t\t\t\t\t\t\t\t\t<p>T\u2019assessorem de manera individualitzada per trobar el look que millor s\u2019adapta a tu, al teu dia a dia i a la teva personalitat.<\/p>\t\t\t\t\t\t\t\t<\/div>\n\t\t\t\t<\/div>\n\t\t\t\t\t<\/div>\n\t\t\t\t<\/div>\n\t\t<div class=\"elementor-element elementor-element-145aab8 e-con-full e-flex e-con e-parent\" data-id=\"145aab8\" data-element_type=\"container\" data-e-type=\"container\" data-settings=\"{&quot;background_background&quot;:&quot;classic&quot;}\">\n\t\t\t\t<div class=\"elementor-element elementor-element-525cd54 elementor-cta--skin-cover elementor-widget__width-inherit elementor-animated-content elementor-bg-transform elementor-bg-transform-zoom-in elementor-widget elementor-widget-call-to-action\" data-id=\"525cd54\" data-element_type=\"widget\" data-e-type=\"widget\" data-widget_type=\"call-to-action.default\">\n\t\t\t\t\t\t\t<div class=\"elementor-cta\">\n\t\t\t\t\t<div class=\"elementor-cta__bg-wrapper\">\n\t\t\t\t<div class=\"elementor-cta__bg elementor-bg\" style=\"background-image: url(https:\/\/mirperruqueria.com\/wp-content\/uploads\/2025\/12\/7691-1024x574.jpg);\" role=\"img\" aria-label=\"7691\"><\/div>\n\t\t\t\t<div class=\"elementor-cta__bg-overlay\"><\/div>\n\t\t\t<\/div>\n\t\t\t\t\t\t\t<div class=\"elementor-cta__content\">\n\t\t\t\t\n\t\t\t\t\t\t\t\t\t<h2 class=\"elementor-cta__title elementor-cta__content-item elementor-content-item elementor-animated-item--grow\">\n\t\t\t\t\t\tContacta\u2019ns i t\u2019assessorem sense comprom\u00eds.\t\t\t\t\t<\/h2>\n\t\t\t\t\n\t\t\t\t\t\t\t\t\t<div class=\"elementor-cta__description elementor-cta__content-item elementor-content-item elementor-animated-item--grow\">\n\t\t\t\t\t\tLa teva barberia de confian\u00e7a a Llagostera.\t\t\t\t\t<\/div>\n\t\t\t\t\n\t\t\t\t\t\t\t\t\t<div class=\"elementor-cta__button-wrapper elementor-cta__content-item elementor-content-item elementor-animated-item--grow\">\n\t\t\t\t\t<a class=\"elementor-cta__button elementor-button elementor-size-\" href=\"https:\/\/mirperruqueria.com\/es\/contacte\/\">\n\t\t\t\t\t\tContacto\t\t\t\t\t<\/a>\n\t\t\t\t\t<\/div>\n\t\t\t\t\t\t\t<\/div>\n\t\t\t\t\t\t<\/div>\n\t\t\t\t\t\t<\/div>\n\t\t\t\t<\/div>\n\t\t\t\t<\/div>","protected":false},"excerpt":{"rendered":"<p>On l\u2019estil parla per tu. Experi\u00e8ncia, qualitat i exclusivitat Tall de cabell cl\u00e0ssic i modern Talls personalitzats segons la forma del rostre i el teu estil. Des de cl\u00e0ssics atemporals fins a tend\u00e8ncies actuals, sempre amb acabats precisos. Decoloracions i tints Serveis de coloraci\u00f3 masculina amb productes professionals. Aconseguim resultats naturals o m\u00e9s atrevits, sempre [&hellip;]<\/p>\n","protected":false},"author":1,"featured_media":0,"parent":0,"menu_order":0,"comment_status":"closed","ping_status":"closed","template":"elementor_canvas","meta":{"footnotes":""},"class_list":["post-13","page","type-page","status-publish","hentry"],"yoast_head":"<!-- This site is optimized with the Yoast SEO plugin v27.3 - https:\/\/yoast.com\/product\/yoast-seo-wordpress\/ -->\n<title>Serveis - Mir Perruquer\u00eda<\/title>\n<meta name=\"robots\" content=\"index, follow, max-snippet:-1, max-image-preview:large, max-video-preview:-1\" \/>\n<link rel=\"canonical\" href=\"https:\/\/mirperruqueria.com\/es\/serveis\/\" \/>\n<meta property=\"og:locale\" content=\"es_ES\" \/>\n<meta property=\"og:type\" content=\"article\" \/>\n<meta property=\"og:title\" content=\"Serveis - Mir Perruquer\u00eda\" \/>\n<meta property=\"og:description\" content=\"On l\u2019estil parla per tu. Experi\u00e8ncia, qualitat i exclusivitat Tall de cabell cl\u00e0ssic i modern Talls personalitzats segons la forma del rostre i el teu estil. Des de cl\u00e0ssics atemporals fins a tend\u00e8ncies actuals, sempre amb acabats precisos. Decoloracions i tints Serveis de coloraci\u00f3 masculina amb productes professionals. Aconseguim resultats naturals o m\u00e9s atrevits, sempre [&hellip;]\" \/>\n<meta property=\"og:url\" content=\"https:\/\/mirperruqueria.com\/es\/serveis\/\" \/>\n<meta property=\"og:site_name\" content=\"Mir Perruquer\u00eda\" \/>\n<meta property=\"article:modified_time\" content=\"2025-12-16T10:29:42+00:00\" \/>\n<meta property=\"og:image\" content=\"https:\/\/mirperruqueria.com\/wp-content\/uploads\/2025\/12\/5167618-1024x683.jpg\" \/>\n<meta name=\"twitter:card\" content=\"summary_large_image\" \/>\n<meta name=\"twitter:label1\" content=\"Tiempo de lectura\" \/>\n\t<meta name=\"twitter:data1\" content=\"1 minuto\" \/>\n<script type=\"application\/ld+json\" class=\"yoast-schema-graph\">{\"@context\":\"https:\\\/\\\/schema.org\",\"@graph\":[{\"@type\":\"WebPage\",\"@id\":\"https:\\\/\\\/mirperruqueria.com\\\/serveis\\\/\",\"url\":\"https:\\\/\\\/mirperruqueria.com\\\/serveis\\\/\",\"name\":\"Serveis - Mir Perruquer\u00eda\",\"isPartOf\":{\"@id\":\"https:\\\/\\\/mirperruqueria.com\\\/#website\"},\"primaryImageOfPage\":{\"@id\":\"https:\\\/\\\/mirperruqueria.com\\\/serveis\\\/#primaryimage\"},\"image\":{\"@id\":\"https:\\\/\\\/mirperruqueria.com\\\/serveis\\\/#primaryimage\"},\"thumbnailUrl\":\"https:\\\/\\\/mirperruqueria.com\\\/wp-content\\\/uploads\\\/2025\\\/12\\\/5167618-1024x683.jpg\",\"datePublished\":\"2025-12-04T17:16:41+00:00\",\"dateModified\":\"2025-12-16T10:29:42+00:00\",\"breadcrumb\":{\"@id\":\"https:\\\/\\\/mirperruqueria.com\\\/serveis\\\/#breadcrumb\"},\"inLanguage\":\"es\",\"potentialAction\":[{\"@type\":\"ReadAction\",\"target\":[\"https:\\\/\\\/mirperruqueria.com\\\/serveis\\\/\"]}]},{\"@type\":\"ImageObject\",\"inLanguage\":\"es\",\"@id\":\"https:\\\/\\\/mirperruqueria.com\\\/serveis\\\/#primaryimage\",\"url\":\"https:\\\/\\\/mirperruqueria.com\\\/wp-content\\\/uploads\\\/2025\\\/12\\\/5167618-1024x683.jpg\",\"contentUrl\":\"https:\\\/\\\/mirperruqueria.com\\\/wp-content\\\/uploads\\\/2025\\\/12\\\/5167618-1024x683.jpg\"},{\"@type\":\"BreadcrumbList\",\"@id\":\"https:\\\/\\\/mirperruqueria.com\\\/serveis\\\/#breadcrumb\",\"itemListElement\":[{\"@type\":\"ListItem\",\"position\":1,\"name\":\"Portada\",\"item\":\"https:\\\/\\\/mirperruqueria.com\\\/\"},{\"@type\":\"ListItem\",\"position\":2,\"name\":\"Serveis\"}]},{\"@type\":\"WebSite\",\"@id\":\"https:\\\/\\\/mirperruqueria.com\\\/#website\",\"url\":\"https:\\\/\\\/mirperruqueria.com\\\/\",\"name\":\"Mir Perruquer\u00eda\",\"description\":\"Barber\u00eda\",\"publisher\":{\"@id\":\"https:\\\/\\\/mirperruqueria.com\\\/#organization\"},\"potentialAction\":[{\"@type\":\"SearchAction\",\"target\":{\"@type\":\"EntryPoint\",\"urlTemplate\":\"https:\\\/\\\/mirperruqueria.com\\\/?s={search_term_string}\"},\"query-input\":{\"@type\":\"PropertyValueSpecification\",\"valueRequired\":true,\"valueName\":\"search_term_string\"}}],\"inLanguage\":\"es\"},{\"@type\":\"Organization\",\"@id\":\"https:\\\/\\\/mirperruqueria.com\\\/#organization\",\"name\":\"Mir Perruquer\u00eda\",\"url\":\"https:\\\/\\\/mirperruqueria.com\\\/\",\"logo\":{\"@type\":\"ImageObject\",\"inLanguage\":\"es\",\"@id\":\"https:\\\/\\\/mirperruqueria.com\\\/#\\\/schema\\\/logo\\\/image\\\/\",\"url\":\"https:\\\/\\\/mirperruqueria.com\\\/wp-content\\\/uploads\\\/2025\\\/12\\\/cropped-irinamasferrer202509_logoarriba.jpg\",\"contentUrl\":\"https:\\\/\\\/mirperruqueria.com\\\/wp-content\\\/uploads\\\/2025\\\/12\\\/cropped-irinamasferrer202509_logoarriba.jpg\",\"width\":346,\"height\":176,\"caption\":\"Mir Perruquer\u00eda\"},\"image\":{\"@id\":\"https:\\\/\\\/mirperruqueria.com\\\/#\\\/schema\\\/logo\\\/image\\\/\"}}]}<\/script>\n<!-- \/ Yoast SEO plugin. -->","yoast_head_json":{"title":"Serveis - Mir Perruquer\u00eda","robots":{"index":"index","follow":"follow","max-snippet":"max-snippet:-1","max-image-preview":"max-image-preview:large","max-video-preview":"max-video-preview:-1"},"canonical":"https:\/\/mirperruqueria.com\/es\/serveis\/","og_locale":"es_ES","og_type":"article","og_title":"Serveis - Mir Perruquer\u00eda","og_description":"On l\u2019estil parla per tu. Experi\u00e8ncia, qualitat i exclusivitat Tall de cabell cl\u00e0ssic i modern Talls personalitzats segons la forma del rostre i el teu estil. Des de cl\u00e0ssics atemporals fins a tend\u00e8ncies actuals, sempre amb acabats precisos. Decoloracions i tints Serveis de coloraci\u00f3 masculina amb productes professionals. Aconseguim resultats naturals o m\u00e9s atrevits, sempre [&hellip;]","og_url":"https:\/\/mirperruqueria.com\/es\/serveis\/","og_site_name":"Mir Perruquer\u00eda","article_modified_time":"2025-12-16T10:29:42+00:00","og_image":[{"url":"https:\/\/mirperruqueria.com\/wp-content\/uploads\/2025\/12\/5167618-1024x683.jpg","type":"","width":"","height":""}],"twitter_card":"summary_large_image","twitter_misc":{"Tiempo de lectura":"1 minuto"},"schema":{"@context":"https:\/\/schema.org","@graph":[{"@type":"WebPage","@id":"https:\/\/mirperruqueria.com\/serveis\/","url":"https:\/\/mirperruqueria.com\/serveis\/","name":"Serveis - Mir Perruquer\u00eda","isPartOf":{"@id":"https:\/\/mirperruqueria.com\/#website"},"primaryImageOfPage":{"@id":"https:\/\/mirperruqueria.com\/serveis\/#primaryimage"},"image":{"@id":"https:\/\/mirperruqueria.com\/serveis\/#primaryimage"},"thumbnailUrl":"https:\/\/mirperruqueria.com\/wp-content\/uploads\/2025\/12\/5167618-1024x683.jpg","datePublished":"2025-12-04T17:16:41+00:00","dateModified":"2025-12-16T10:29:42+00:00","breadcrumb":{"@id":"https:\/\/mirperruqueria.com\/serveis\/#breadcrumb"},"inLanguage":"es","potentialAction":[{"@type":"ReadAction","target":["https:\/\/mirperruqueria.com\/serveis\/"]}]},{"@type":"ImageObject","inLanguage":"es","@id":"https:\/\/mirperruqueria.com\/serveis\/#primaryimage","url":"https:\/\/mirperruqueria.com\/wp-content\/uploads\/2025\/12\/5167618-1024x683.jpg","contentUrl":"https:\/\/mirperruqueria.com\/wp-content\/uploads\/2025\/12\/5167618-1024x683.jpg"},{"@type":"BreadcrumbList","@id":"https:\/\/mirperruqueria.com\/serveis\/#breadcrumb","itemListElement":[{"@type":"ListItem","position":1,"name":"Portada","item":"https:\/\/mirperruqueria.com\/"},{"@type":"ListItem","position":2,"name":"Serveis"}]},{"@type":"WebSite","@id":"https:\/\/mirperruqueria.com\/#website","url":"https:\/\/mirperruqueria.com\/","name":"Mir Perruquer\u00eda","description":"Barber\u00eda","publisher":{"@id":"https:\/\/mirperruqueria.com\/#organization"},"potentialAction":[{"@type":"SearchAction","target":{"@type":"EntryPoint","urlTemplate":"https:\/\/mirperruqueria.com\/?s={search_term_string}"},"query-input":{"@type":"PropertyValueSpecification","valueRequired":true,"valueName":"search_term_string"}}],"inLanguage":"es"},{"@type":"Organization","@id":"https:\/\/mirperruqueria.com\/#organization","name":"Mir Perruquer\u00eda","url":"https:\/\/mirperruqueria.com\/","logo":{"@type":"ImageObject","inLanguage":"es","@id":"https:\/\/mirperruqueria.com\/#\/schema\/logo\/image\/","url":"https:\/\/mirperruqueria.com\/wp-content\/uploads\/2025\/12\/cropped-irinamasferrer202509_logoarriba.jpg","contentUrl":"https:\/\/mirperruqueria.com\/wp-content\/uploads\/2025\/12\/cropped-irinamasferrer202509_logoarriba.jpg","width":346,"height":176,"caption":"Mir Perruquer\u00eda"},"image":{"@id":"https:\/\/mirperruqueria.com\/#\/schema\/logo\/image\/"}}]}},"_links":{"self":[{"href":"https:\/\/mirperruqueria.com\/es\/wp-json\/wp\/v2\/pages\/13","targetHints":{"allow":["GET"]}}],"collection":[{"href":"https:\/\/mirperruqueria.com\/es\/wp-json\/wp\/v2\/pages"}],"about":[{"href":"https:\/\/mirperruqueria.com\/es\/wp-json\/wp\/v2\/types\/page"}],"author":[{"embeddable":true,"href":"https:\/\/mirperruqueria.com\/es\/wp-json\/wp\/v2\/users\/1"}],"replies":[{"embeddable":true,"href":"https:\/\/mirperruqueria.com\/es\/wp-json\/wp\/v2\/comments?post=13"}],"version-history":[{"count":35,"href":"https:\/\/mirperruqueria.com\/es\/wp-json\/wp\/v2\/pages\/13\/revisions"}],"predecessor-version":[{"id":193,"href":"https:\/\/mirperruqueria.com\/es\/wp-json\/wp\/v2\/pages\/13\/revisions\/193"}],"wp:attachment":[{"href":"https:\/\/mirperruqueria.com\/es\/wp-json\/wp\/v2\/media?parent=13"}],"curies":[{"name":"wp","href":"https:\/\/api.w.org\/{rel}","templated":true}]}}